{"id":532,"date":"2025-05-16T21:54:04","date_gmt":"2025-05-16T19:54:04","guid":{"rendered":"https:\/\/hotel-regina.de\/jetzt-zimmer-buchen\/"},"modified":"2025-08-05T11:39:32","modified_gmt":"2025-08-05T09:39:32","slug":"book-now","status":"publish","type":"page","link":"https:\/\/hotel-regina.de\/en\/book-now\/","title":{"rendered":"Book now"},"content":{"rendered":"<p>[et_pb_section fb_built=&#8221;1&#8243; admin_label=&#8221;Header&#8221; _builder_version=&#8221;4.27.4&#8243; _module_preset=&#8221;default&#8221; use_background_color_gradient=&#8221;on&#8221; background_color_gradient_stops=&#8221;rgba(0,51,102,0.8) 0%|rgba(0,51,102,0.8) 100%&#8221; background_color_gradient_overlays_image=&#8221;on&#8221; background_image=&#8221;https:\/\/hotel-regina.de\/wp-content\/uploads\/2025\/05\/hotel-regina-heidelberg-0018.jpg&#8221; custom_padding=&#8221;8%||8%||true|false&#8221; locked=&#8221;off&#8221; collapsed=&#8221;on&#8221; global_colors_info=&#8221;{}&#8221;][et_pb_row _builder_version=&#8221;4.24.2&#8243; _module_preset=&#8221;default&#8221; width=&#8221;90%&#8221; max_width=&#8221;2000px&#8221; locked=&#8221;off&#8221; global_colors_info=&#8221;{}&#8221;][et_pb_column type=&#8221;4_4&#8243; _builder_version=&#8221;4.24.1&#8243; _module_preset=&#8221;default&#8221; global_colors_info=&#8221;{}&#8221;][et_pb_image src=&#8221;https:\/\/hotel-regina.de\/wp-content\/uploads\/2025\/05\/hotel-regina-heidelberg-001-weiss.png&#8221; title_text=&#8221;hotel-regina-heidelberg-001-weiss&#8221; align=&#8221;center&#8221; _builder_version=&#8221;4.27.4&#8243; _module_preset=&#8221;default&#8221; max_width=&#8221;200px&#8221; max_height=&#8221;120px&#8221; custom_margin=&#8221;||10px||false|false&#8221; global_colors_info=&#8221;{}&#8221;][\/et_pb_image][et_pb_text _builder_version=&#8221;4.27.4&#8243; _module_preset=&#8221;da4d06d0-0ace-47fb-8c4c-80163bad5947&#8243; header_text_color=&#8221;#FFFFFF&#8221; text_orientation=&#8221;center&#8221; custom_margin=&#8221;||10px||false|false&#8221; locked=&#8221;off&#8221; global_colors_info=&#8221;{}&#8221;]<\/p>\n<h1>Reserve a Room<\/h1>\n<p>[\/et_pb_text][et_pb_text quote_border_color=&#8221;#FFFFFF&#8221; _builder_version=&#8221;4.27.4&#8243; _module_preset=&#8221;b4437043-5dd9-441e-a917-963f4a766089&#8243; text_font=&#8221;Arial|||on|||||&#8221; text_text_color=&#8221;#FFFFFF&#8221; link_text_color=&#8221;#FFFFFF&#8221; quote_text_color=&#8221;#FFFFFF&#8221; text_orientation=&#8221;center&#8221; module_alignment=&#8221;center&#8221; global_colors_info=&#8221;{}&#8221;]Book Now at Hotel Regina[\/et_pb_text][et_pb_code _builder_version=&#8221;4.27.4&#8243; _module_preset=&#8221;default&#8221; background_color=&#8221;#003366&#8243; max_width=&#8221;1000px&#8221; module_alignment=&#8221;center&#8221; border_radii=&#8221;on|8px|8px|8px|8px&#8221; global_colors_info=&#8221;{}&#8221;]  <iframe <!-- [et_pb_line_break_holder] -->      src=&#8221;https:\/\/www.caesar-data.com\/cgi-bin\/booking.cgi?hotel_id=reginaheidelberg&#8221;<!-- [et_pb_line_break_holder] -->      width=&#8221;100%&#8221; <!-- [et_pb_line_break_holder] -->      height=&#8221;950&#8243; <!-- [et_pb_line_break_holder] -->      frameborder=&#8221;0&#8243;<!-- [et_pb_line_break_holder] -->      style=&#8221;border: none;&#8221;<!-- [et_pb_line_break_holder] -->      title=&#8221;Online-Buchung Hotel Regina Heidelberg&#8221;<!-- [et_pb_line_break_holder] -->    ><\/iframe><!-- [et_pb_line_break_holder] --><!-- [et_pb_line_break_holder] -->[\/et_pb_code][\/et_pb_column][\/et_pb_row][\/et_pb_section][et_pb_section fb_built=&#8221;1&#8243; admin_label=&#8221;Section&#8221; _builder_version=&#8221;4.27.4&#8243; _module_preset=&#8221;default&#8221; background_color=&#8221;#003366&#8243; custom_padding=&#8221;||30px||false|false&#8221; global_module=&#8221;748&#8243; saved_tabs=&#8221;all&#8221; global_colors_info=&#8221;{}&#8221;][et_pb_row column_structure=&#8221;1_3,1_3,1_3&#8243; _builder_version=&#8221;4.27.4&#8243; _module_preset=&#8221;default&#8221; custom_margin=&#8221;0px||0px||false|false&#8221; custom_padding=&#8221;0px||0px||false|false&#8221; global_colors_info=&#8221;{}&#8221; link_text_color__hover=&#8221;#277D86&#8243; link_text_color__hover_enabled=&#8221;on|hover&#8221;][et_pb_column type=&#8221;1_3&#8243; _builder_version=&#8221;4.17.3&#8243; _module_preset=&#8221;default&#8221; global_colors_info=&#8221;{}&#8221;][et_pb_image src=&#8221;https:\/\/hotel-regina.de\/wp-content\/uploads\/2025\/06\/hotel-regina-logo-weiss.png&#8221; title_text=&#8221;hotel-regina-logo-weiss&#8221; url=&#8221;#&#8221; _builder_version=&#8221;4.27.4&#8243; _module_preset=&#8221;default&#8221; max_width=&#8221;200px&#8221; custom_margin=&#8221;||20px||false|false&#8221; border_radii=&#8221;on|8px|8px|8px|8px&#8221; global_colors_info=&#8221;{}&#8221;][\/et_pb_image][et_pb_text _builder_version=&#8221;4.27.4&#8243; _module_preset=&#8221;default&#8221; text_text_color=&#8221;#FFFFFF&#8221; header_2_text_color=&#8221;#FFFFFF&#8221; custom_margin=&#8221;||20px||false|false&#8221; global_colors_info=&#8221;{}&#8221;]<\/p>\n<h2>Contact &amp; Arrival<\/h2>\n<p>Hotel Regina<br \/>\nLuisenstra\u00dfe 6<br \/>\n69115 Heidelberg, Germany<\/p>\n<p>[\/et_pb_text][\/et_pb_column][et_pb_column type=&#8221;1_3&#8243; _builder_version=&#8221;4.17.3&#8243; _module_preset=&#8221;default&#8221; global_colors_info=&#8221;{}&#8221;][et_pb_text _builder_version=&#8221;4.27.4&#8243; _module_preset=&#8221;default&#8221; text_text_color=&#8221;#FFFFFF&#8221; link_text_color=&#8221;#FFFFFF&#8221; ul_text_color=&#8221;#FFFFFF&#8221; header_3_text_color=&#8221;#FFFFFF&#8221; header_3_line_height=&#8221;1.4em&#8221; header_4_text_color=&#8221;#75bac9&#8243; custom_margin=&#8221;||15px||false|false&#8221; global_colors_info=&#8221;{}&#8221; link_text_color__hover_enabled=&#8221;on|hover&#8221; link_text_color__hover=&#8221;#F5F3EF&#8221;]<\/p>\n<h3>Hotel<\/h3>\n<ul>\n<li><a href=\"https:\/\/hotel-regina.de\/en\/hotel\/#rooms\">Our Rooms<\/a><\/li>\n<li><a href=\"https:\/\/hotel-regina.de\/en\/hotel\/#breakfast\">Breakfast<\/a><\/li>\n<li><a href=\"https:\/\/hotel-regina.de\/en\/hotel\/#info-services\">Info &amp; Services<\/a><\/li>\n<li><a href=\"https:\/\/hotel-regina.de\/en\/hotel\/#rates\">Rates<\/a><\/li>\n<li><a href=\"https:\/\/hotel-regina.de\/en\/hotel\/#our-history\">Our Story<\/a><\/li>\n<li><a href=\"https:\/\/hotel-regina.de\/en\/hotel\/#discover-heidelberg\">Discover Heidelberg<\/a><\/li>\n<\/ul>\n<p>[\/et_pb_text][et_pb_text _builder_version=&#8221;4.27.4&#8243; _module_preset=&#8221;default&#8221; text_text_color=&#8221;#FFFFFF&#8221; link_text_color=&#8221;#FFFFFF&#8221; link_line_height=&#8221;2.8em&#8221; global_colors_info=&#8221;{}&#8221; link_text_color__hover_enabled=&#8221;on|desktop&#8221; link_text_color__hover=&#8221;#75BAC9&#8243;][\/et_pb_text][\/et_pb_column][et_pb_column type=&#8221;1_3&#8243; _builder_version=&#8221;4.17.3&#8243; _module_preset=&#8221;default&#8221; global_colors_info=&#8221;{}&#8221;][et_pb_text _builder_version=&#8221;4.27.4&#8243; _module_preset=&#8221;default&#8221; text_text_color=&#8221;#FFFFFF&#8221; link_text_color=&#8221;#FFFFFF&#8221; ul_text_color=&#8221;#FFFFFF&#8221; header_3_text_color=&#8221;#FFFFFF&#8221; header_3_line_height=&#8221;1.4em&#8221; header_4_text_color=&#8221;#75bac9&#8243; custom_margin=&#8221;||15px||false|false&#8221; hover_enabled=&#8221;0&#8243; global_colors_info=&#8221;{}&#8221; link_text_color__hover_enabled=&#8221;on|hover&#8221; link_text_color__hover=&#8221;#F5F3EF&#8221; sticky_enabled=&#8221;0&#8243;]<\/p>\n<h3>Info<\/h3>\n<ul>\n<li><a href=\"https:\/\/hotel-regina.de\/en\/site-notice\/\">Legal Notice<\/a><\/li>\n<li><a href=\"https:\/\/hotel-regina.de\/en\/privacy-policy\/\">Privacy Policy<\/a><\/li>\n<li><a href=\"en\/contact\/#arrival\">Arrival<\/a><\/li>\n<li><a href=\"en\/contact\/#contact\/\">Contact<\/a><\/li>\n<\/ul>\n<p>[\/et_pb_text][\/et_pb_column][\/et_pb_row][et_pb_row column_structure=&#8221;1_3,1_3,1_3&#8243; _builder_version=&#8221;4.27.4&#8243; _module_preset=&#8221;default&#8221; background_enable_color=&#8221;off&#8221; custom_margin=&#8221;||30px||false|false&#8221; custom_padding=&#8221;20px|20px|20px|20px|false|false&#8221; border_radii=&#8221;on|10px|10px|10px|10px&#8221; global_colors_info=&#8221;{}&#8221; link_text_color__hover=&#8221;#277D86&#8243; link_text_color__hover_enabled=&#8221;on|hover&#8221;][et_pb_column type=&#8221;1_3&#8243; _builder_version=&#8221;4.17.3&#8243; _module_preset=&#8221;default&#8221; global_colors_info=&#8221;{}&#8221;][et_pb_blurb title=&#8221;+49 (0)6221 \/ 5 36 40&#8243; url=&#8221;tel:+49622153640&#8243; use_icon=&#8221;on&#8221; font_icon=&#8221;&#xf879;||fa||900&#8243; icon_color=&#8221;#FFFFFF&#8221; icon_placement=&#8221;left&#8221; image_icon_width=&#8221;20px&#8221; _builder_version=&#8221;4.27.4&#8243; _module_preset=&#8221;default&#8221; header_level=&#8221;h3&#8243; header_font=&#8221;&#8211;et_global_body_font||||||||&#8221; header_text_color=&#8221;#FFFFFF&#8221; header_font_size=&#8221;18px&#8221; custom_margin=&#8221;||10px||false|false&#8221; global_colors_info=&#8221;{}&#8221;][\/et_pb_blurb][\/et_pb_column][et_pb_column type=&#8221;1_3&#8243; _builder_version=&#8221;4.17.3&#8243; _module_preset=&#8221;default&#8221; global_colors_info=&#8221;{}&#8221;][et_pb_blurb title=&#8221;info@hotel-regina.de&#8221; url=&#8221;mailto:info@hotel-regina.de&#8221; use_icon=&#8221;on&#8221; font_icon=&#8221;&#xe076;||divi||400&#8243; icon_color=&#8221;#FFFFFF&#8221; icon_placement=&#8221;left&#8221; image_icon_width=&#8221;20px&#8221; _builder_version=&#8221;4.27.4&#8243; _module_preset=&#8221;default&#8221; header_level=&#8221;h3&#8243; header_font=&#8221;&#8211;et_global_body_font||||||||&#8221; header_text_color=&#8221;#FFFFFF&#8221; header_font_size=&#8221;18px&#8221; custom_margin=&#8221;||10px||false|false&#8221; global_colors_info=&#8221;{}&#8221;][\/et_pb_blurb][\/et_pb_column][et_pb_column type=&#8221;1_3&#8243; _builder_version=&#8221;4.17.3&#8243; _module_preset=&#8221;default&#8221; global_colors_info=&#8221;{}&#8221;][et_pb_button button_url=&#8221;\/en\/book-now&#8221; button_text=&#8221;Book now&#8221; button_alignment=&#8221;center&#8221; _builder_version=&#8221;4.27.4&#8243; _module_preset=&#8221;default&#8221; custom_button=&#8221;on&#8221; button_text_size=&#8221;22px&#8221; button_text_color=&#8221;#003366&#8243; button_bg_color=&#8221;#F5F3EF&#8221; button_border_radius=&#8221;6px&#8221; button_font=&#8221;&#8211;et_global_body_font||||||||&#8221; button_icon=&#8221;&#xf133;||fa||900&#8243; button_icon_placement=&#8221;left&#8221; button_on_hover=&#8221;off&#8221; button_text_size_tablet=&#8221;22px&#8221; button_text_size_phone=&#8221;16px&#8221; button_text_size_last_edited=&#8221;on|phone&#8221; global_colors_info=&#8221;{}&#8221; button_text_color__hover_enabled=&#8221;on|desktop&#8221; button_text_color__hover=&#8221;#FFFFFF&#8221; button_text_size__hover=&#8221;22px&#8221; button_text_size__hover_enabled=&#8221;off|desktop&#8221; button_bg_color__hover_enabled=&#8221;on|desktop&#8221; button_bg_color__hover=&#8221;#B6894C&#8221; button_bg_enable_color__hover=&#8221;on&#8221;][\/et_pb_button][\/et_pb_column][\/et_pb_row][et_pb_row column_structure=&#8221;1_3,1_3,1_3&#8243; _builder_version=&#8221;4.27.4&#8243; _module_preset=&#8221;default&#8221; background_color=&#8221;#B6894C&#8221; custom_margin=&#8221;||||false|false&#8221; custom_padding=&#8221;20px|20px|20px|20px|false|false&#8221; border_radii=&#8221;on|10px|10px|10px|10px&#8221; global_colors_info=&#8221;{}&#8221; link_text_color__hover=&#8221;#277D86&#8243; link_text_color__hover_enabled=&#8221;on|hover&#8221;][et_pb_column type=&#8221;1_3&#8243; _builder_version=&#8221;4.17.3&#8243; _module_preset=&#8221;default&#8221; global_colors_info=&#8221;{}&#8221;][et_pb_blurb title=&#8221;Check-in from 1 p.m.&#8221; url=&#8221;tel:+49622153640&#8243; use_icon=&#8221;on&#8221; font_icon=&#8221;&#xf562;||fa||900&#8243; icon_color=&#8221;#FFFFFF&#8221; icon_placement=&#8221;left&#8221; image_icon_width=&#8221;27px&#8221; _builder_version=&#8221;4.27.4&#8243; _module_preset=&#8221;default&#8221; header_level=&#8221;h2&#8243; header_text_color=&#8221;#FFFFFF&#8221; header_font_size=&#8221;20px&#8221; custom_margin=&#8221;||10px||false|false&#8221; global_colors_info=&#8221;{}&#8221;][\/et_pb_blurb][\/et_pb_column][et_pb_column type=&#8221;1_3&#8243; _builder_version=&#8221;4.27.4&#8243; _module_preset=&#8221;default&#8221; global_colors_info=&#8221;{}&#8221;][et_pb_blurb title=&#8221;Check-out until 11 a.m.&#8221; url=&#8221;mailto:info@hotel-regina.de&#8221; use_icon=&#8221;on&#8221; font_icon=&#8221;&#xf0f2;||fa||900&#8243; icon_color=&#8221;#FFFFFF&#8221; icon_placement=&#8221;left&#8221; image_icon_width=&#8221;27px&#8221; _builder_version=&#8221;4.27.4&#8243; _module_preset=&#8221;default&#8221; header_level=&#8221;h2&#8243; header_text_color=&#8221;#FFFFFF&#8221; header_font_size=&#8221;20px&#8221; custom_margin=&#8221;||10px||false|false&#8221; global_colors_info=&#8221;{}&#8221;][\/et_pb_blurb][\/et_pb_column][et_pb_column type=&#8221;1_3&#8243; _builder_version=&#8221;4.27.4&#8243; _module_preset=&#8221;default&#8221; global_colors_info=&#8221;{}&#8221;][et_pb_blurb title=&#8221;Reception: 7:00 a.m. \u2013 7:00 p.m.&#8221; url=&#8221;mailto:info@hotel-regina.de&#8221; use_icon=&#8221;on&#8221; font_icon=&#8221;&#xf594;||fa||900&#8243; icon_color=&#8221;#FFFFFF&#8221; icon_placement=&#8221;left&#8221; image_icon_width=&#8221;27px&#8221; _builder_version=&#8221;4.27.4&#8243; _module_preset=&#8221;default&#8221; header_level=&#8221;h2&#8243; header_text_color=&#8221;#FFFFFF&#8221; header_font_size=&#8221;20px&#8221; custom_margin=&#8221;||10px||false|false&#8221; global_colors_info=&#8221;{}&#8221;][\/et_pb_blurb][\/et_pb_column][\/et_pb_row][\/et_pb_section]<\/p>\n","protected":false},"excerpt":{"rendered":"<p>Reserve a RoomBook Now at Hotel ReginaContact &amp; Arrival Hotel Regina Luisenstra\u00dfe 6 69115 Heidelberg, GermanyHotel Our Rooms Breakfast Info &amp; Services Rates Our Story Discover Heidelberg Info Legal Notice Privacy Policy Arrival Contact<\/p>\n","protected":false},"author":1,"featured_media":1235,"parent":0,"menu_order":0,"comment_status":"closed","ping_status":"closed","template":"","meta":{"_et_pb_use_builder":"on","_et_pb_old_content":"<!-- wp:divi\/placeholder \/-->","_et_gb_content_width":"","footnotes":""},"dipi_cpt_category":[],"class_list":["post-532","page","type-page","status-publish","has-post-thumbnail","hentry"],"yoast_head":"<!-- This site is optimized with the Yoast SEO plugin v27.4 - https:\/\/yoast.com\/product\/yoast-seo-wordpress\/ -->\n<title>Book Your Room Directly \u2013 Hotel Regina Heidelberg<\/title>\n<meta name=\"description\" content=\"Book your room directly at Hotel Regina Heidelberg \u2013 central, quiet, and with personal service. Check availability and secure your stay now!\" \/>\n<meta name=\"robots\" content=\"index, follow, max-snippet:-1, max-image-preview:large, max-video-preview:-1\" \/>\n<link rel=\"canonical\" href=\"https:\/\/hotel-regina.de\/en\/book-now\/\" \/>\n<meta property=\"og:locale\" content=\"en_US\" \/>\n<meta property=\"og:type\" content=\"article\" \/>\n<meta property=\"og:title\" content=\"Book Your Room Directly \u2013 Hotel Regina Heidelberg\" \/>\n<meta property=\"og:description\" content=\"Book your room directly at Hotel Regina Heidelberg \u2013 central, quiet, and with personal service. Check availability and secure your stay now!\" \/>\n<meta property=\"og:url\" content=\"https:\/\/hotel-regina.de\/en\/book-now\/\" \/>\n<meta property=\"og:site_name\" content=\"Hotel Regina in Heidelberg\" \/>\n<meta property=\"article:modified_time\" content=\"2025-08-05T09:39:32+00:00\" \/>\n<meta property=\"og:image\" content=\"https:\/\/hotel-regina.de\/wp-content\/uploads\/2025\/07\/zimmer-hotel-regina-heidelberg-004.jpg\" \/>\n\t<meta property=\"og:image:width\" content=\"1500\" \/>\n\t<meta property=\"og:image:height\" content=\"1000\" \/>\n\t<meta property=\"og:image:type\" content=\"image\/jpeg\" \/>\n<meta name=\"twitter:card\" content=\"summary_large_image\" \/>\n<meta name=\"twitter:label1\" content=\"Est. reading time\" \/>\n\t<meta name=\"twitter:data1\" content=\"1 minute\" \/>\n<script type=\"application\/ld+json\" class=\"yoast-schema-graph\">{\"@context\":\"https:\\\/\\\/schema.org\",\"@graph\":[{\"@type\":\"WebPage\",\"@id\":\"https:\\\/\\\/hotel-regina.de\\\/en\\\/book-now\\\/\",\"url\":\"https:\\\/\\\/hotel-regina.de\\\/en\\\/book-now\\\/\",\"name\":\"Book Your Room Directly \u2013 Hotel Regina Heidelberg\",\"isPartOf\":{\"@id\":\"https:\\\/\\\/hotel-regina.de\\\/#website\"},\"primaryImageOfPage\":{\"@id\":\"https:\\\/\\\/hotel-regina.de\\\/en\\\/book-now\\\/#primaryimage\"},\"image\":{\"@id\":\"https:\\\/\\\/hotel-regina.de\\\/en\\\/book-now\\\/#primaryimage\"},\"thumbnailUrl\":\"https:\\\/\\\/hotel-regina.de\\\/wp-content\\\/uploads\\\/2025\\\/07\\\/zimmer-hotel-regina-heidelberg-004.jpg\",\"datePublished\":\"2025-05-16T19:54:04+00:00\",\"dateModified\":\"2025-08-05T09:39:32+00:00\",\"description\":\"Book your room directly at Hotel Regina Heidelberg \u2013 central, quiet, and with personal service. Check availability and secure your stay now!\",\"breadcrumb\":{\"@id\":\"https:\\\/\\\/hotel-regina.de\\\/en\\\/book-now\\\/#breadcrumb\"},\"inLanguage\":\"en-US\",\"potentialAction\":[{\"@type\":\"ReadAction\",\"target\":[\"https:\\\/\\\/hotel-regina.de\\\/en\\\/book-now\\\/\"]}]},{\"@type\":\"ImageObject\",\"inLanguage\":\"en-US\",\"@id\":\"https:\\\/\\\/hotel-regina.de\\\/en\\\/book-now\\\/#primaryimage\",\"url\":\"https:\\\/\\\/hotel-regina.de\\\/wp-content\\\/uploads\\\/2025\\\/07\\\/zimmer-hotel-regina-heidelberg-004.jpg\",\"contentUrl\":\"https:\\\/\\\/hotel-regina.de\\\/wp-content\\\/uploads\\\/2025\\\/07\\\/zimmer-hotel-regina-heidelberg-004.jpg\",\"width\":1500,\"height\":1000,\"caption\":\"Zimmer Hotel Regina Heidelberg \\\/ Rooms Hotel Regina Heidelberg\"},{\"@type\":\"BreadcrumbList\",\"@id\":\"https:\\\/\\\/hotel-regina.de\\\/en\\\/book-now\\\/#breadcrumb\",\"itemListElement\":[{\"@type\":\"ListItem\",\"position\":1,\"name\":\"Startseite\",\"item\":\"https:\\\/\\\/hotel-regina.de\\\/en\\\/\"},{\"@type\":\"ListItem\",\"position\":2,\"name\":\"Book now\"}]},{\"@type\":\"WebSite\",\"@id\":\"https:\\\/\\\/hotel-regina.de\\\/#website\",\"url\":\"https:\\\/\\\/hotel-regina.de\\\/\",\"name\":\"Hotel Regina in Heidelberg\",\"description\":\"Das Hotel Regina ist ein familiengef\u00fchrtes Stadthotel in Heidelberg \u2013 ruhig gelegen, pers\u00f6nlich gef\u00fchrt und ideal f\u00fcr Citytrips oder Gesch\u00e4ftsreisen.\",\"potentialAction\":[{\"@type\":\"SearchAction\",\"target\":{\"@type\":\"EntryPoint\",\"urlTemplate\":\"https:\\\/\\\/hotel-regina.de\\\/?s={search_term_string}\"},\"query-input\":{\"@type\":\"PropertyValueSpecification\",\"valueRequired\":true,\"valueName\":\"search_term_string\"}}],\"inLanguage\":\"en-US\"}]}<\/script>\n<!-- \/ Yoast SEO plugin. -->","yoast_head_json":{"title":"Book Your Room Directly \u2013 Hotel Regina Heidelberg","description":"Book your room directly at Hotel Regina Heidelberg \u2013 central, quiet, and with personal service. Check availability and secure your stay now!","robots":{"index":"index","follow":"follow","max-snippet":"max-snippet:-1","max-image-preview":"max-image-preview:large","max-video-preview":"max-video-preview:-1"},"canonical":"https:\/\/hotel-regina.de\/en\/book-now\/","og_locale":"en_US","og_type":"article","og_title":"Book Your Room Directly \u2013 Hotel Regina Heidelberg","og_description":"Book your room directly at Hotel Regina Heidelberg \u2013 central, quiet, and with personal service. Check availability and secure your stay now!","og_url":"https:\/\/hotel-regina.de\/en\/book-now\/","og_site_name":"Hotel Regina in Heidelberg","article_modified_time":"2025-08-05T09:39:32+00:00","og_image":[{"width":1500,"height":1000,"url":"https:\/\/hotel-regina.de\/wp-content\/uploads\/2025\/07\/zimmer-hotel-regina-heidelberg-004.jpg","type":"image\/jpeg"}],"twitter_card":"summary_large_image","twitter_misc":{"Est. reading time":"1 minute"},"schema":{"@context":"https:\/\/schema.org","@graph":[{"@type":"WebPage","@id":"https:\/\/hotel-regina.de\/en\/book-now\/","url":"https:\/\/hotel-regina.de\/en\/book-now\/","name":"Book Your Room Directly \u2013 Hotel Regina Heidelberg","isPartOf":{"@id":"https:\/\/hotel-regina.de\/#website"},"primaryImageOfPage":{"@id":"https:\/\/hotel-regina.de\/en\/book-now\/#primaryimage"},"image":{"@id":"https:\/\/hotel-regina.de\/en\/book-now\/#primaryimage"},"thumbnailUrl":"https:\/\/hotel-regina.de\/wp-content\/uploads\/2025\/07\/zimmer-hotel-regina-heidelberg-004.jpg","datePublished":"2025-05-16T19:54:04+00:00","dateModified":"2025-08-05T09:39:32+00:00","description":"Book your room directly at Hotel Regina Heidelberg \u2013 central, quiet, and with personal service. Check availability and secure your stay now!","breadcrumb":{"@id":"https:\/\/hotel-regina.de\/en\/book-now\/#breadcrumb"},"inLanguage":"en-US","potentialAction":[{"@type":"ReadAction","target":["https:\/\/hotel-regina.de\/en\/book-now\/"]}]},{"@type":"ImageObject","inLanguage":"en-US","@id":"https:\/\/hotel-regina.de\/en\/book-now\/#primaryimage","url":"https:\/\/hotel-regina.de\/wp-content\/uploads\/2025\/07\/zimmer-hotel-regina-heidelberg-004.jpg","contentUrl":"https:\/\/hotel-regina.de\/wp-content\/uploads\/2025\/07\/zimmer-hotel-regina-heidelberg-004.jpg","width":1500,"height":1000,"caption":"Zimmer Hotel Regina Heidelberg \/ Rooms Hotel Regina Heidelberg"},{"@type":"BreadcrumbList","@id":"https:\/\/hotel-regina.de\/en\/book-now\/#breadcrumb","itemListElement":[{"@type":"ListItem","position":1,"name":"Startseite","item":"https:\/\/hotel-regina.de\/en\/"},{"@type":"ListItem","position":2,"name":"Book now"}]},{"@type":"WebSite","@id":"https:\/\/hotel-regina.de\/#website","url":"https:\/\/hotel-regina.de\/","name":"Hotel Regina in Heidelberg","description":"Das Hotel Regina ist ein familiengef\u00fchrtes Stadthotel in Heidelberg \u2013 ruhig gelegen, pers\u00f6nlich gef\u00fchrt und ideal f\u00fcr Citytrips oder Gesch\u00e4ftsreisen.","potentialAction":[{"@type":"SearchAction","target":{"@type":"EntryPoint","urlTemplate":"https:\/\/hotel-regina.de\/?s={search_term_string}"},"query-input":{"@type":"PropertyValueSpecification","valueRequired":true,"valueName":"search_term_string"}}],"inLanguage":"en-US"}]}},"_links":{"self":[{"href":"https:\/\/hotel-regina.de\/en\/wp-json\/wp\/v2\/pages\/532","targetHints":{"allow":["GET"]}}],"collection":[{"href":"https:\/\/hotel-regina.de\/en\/wp-json\/wp\/v2\/pages"}],"about":[{"href":"https:\/\/hotel-regina.de\/en\/wp-json\/wp\/v2\/types\/page"}],"author":[{"embeddable":true,"href":"https:\/\/hotel-regina.de\/en\/wp-json\/wp\/v2\/users\/1"}],"replies":[{"embeddable":true,"href":"https:\/\/hotel-regina.de\/en\/wp-json\/wp\/v2\/comments?post=532"}],"version-history":[{"count":10,"href":"https:\/\/hotel-regina.de\/en\/wp-json\/wp\/v2\/pages\/532\/revisions"}],"predecessor-version":[{"id":1240,"href":"https:\/\/hotel-regina.de\/en\/wp-json\/wp\/v2\/pages\/532\/revisions\/1240"}],"wp:featuredmedia":[{"embeddable":true,"href":"https:\/\/hotel-regina.de\/en\/wp-json\/wp\/v2\/media\/1235"}],"wp:attachment":[{"href":"https:\/\/hotel-regina.de\/en\/wp-json\/wp\/v2\/media?parent=532"}],"wp:term":[{"taxonomy":"dipi_cpt_category","embeddable":true,"href":"https:\/\/hotel-regina.de\/en\/wp-json\/wp\/v2\/dipi_cpt_category?post=532"}],"curies":[{"name":"wp","href":"https:\/\/api.w.org\/{rel}","templated":true}]}}